{"id":9,"date":"2026-02-28T15:38:05","date_gmt":"2026-02-28T15:38:05","guid":{"rendered":"https:\/\/www.runkoplan.fi\/?page_id=9"},"modified":"2026-03-10T16:11:31","modified_gmt":"2026-03-10T16:11:31","slug":"etusivu","status":"publish","type":"page","link":"https:\/\/www.runkoplan.fi\/","title":{"rendered":"Etusivu"},"content":{"rendered":"\n<div class=\"wp-block-columns is-layout-flex wp-container-core-columns-is-layout-28f84493 wp-block-columns-is-layout-flex\">\n<div class=\"wp-block-column is-style-default is-layout-flow wp-block-column-is-layout-flow\" style=\"border-style:none;border-width:0px;border-top-left-radius:0px;border-top-right-radius:0px;border-bottom-left-radius:0px;border-bottom-right-radius:0px;padding-top:0;padding-right:var(--wp--preset--spacing--20);padding-bottom:0;padding-left:var(--wp--preset--spacing--20)\">\n<figure class=\"wp-block-image alignleft size-large is-resized\"><img loading=\"lazy\" decoding=\"async\" width=\"1024\" height=\"683\" src=\"https:\/\/www.runkoplan.fi\/wp-content\/uploads\/2026\/02\/ChatGPT-Image-28.2.2026-klo-09.21.25-1024x683.png\" alt=\"\" class=\"wp-image-23\" style=\"width:auto;height:300px\" srcset=\"https:\/\/www.runkoplan.fi\/wp-content\/uploads\/2026\/02\/ChatGPT-Image-28.2.2026-klo-09.21.25-1024x683.png 1024w, https:\/\/www.runkoplan.fi\/wp-content\/uploads\/2026\/02\/ChatGPT-Image-28.2.2026-klo-09.21.25-300x200.png 300w, https:\/\/www.runkoplan.fi\/wp-content\/uploads\/2026\/02\/ChatGPT-Image-28.2.2026-klo-09.21.25-768x512.png 768w, https:\/\/www.runkoplan.fi\/wp-content\/uploads\/2026\/02\/ChatGPT-Image-28.2.2026-klo-09.21.25.png 1536w\" sizes=\"auto, (max-width: 1024px) 100vw, 1024px\" \/><\/figure>\n\n\n\n<div style=\"height:25px\" aria-hidden=\"true\" class=\"wp-block-spacer\"><\/div>\n\n\n\n<h2 class=\"wp-block-heading\">Yrityksemme<\/h2>\n\n\n\n<p class=\"has-text-align-left\">RunkoPlan Oy on Kajaanissa sijaitseva valtakunnallisesti toimiva asiantunteva ja asiakasl\u00e4ht\u00f6inen insin\u00f6\u00f6ritoimisto, joka tarjoaa laadukasta rakennesuunnittelua eri rakennushankkeisiin. Yrityksen vastuuhenkil\u00f6ll\u00e4 on vuosien ty\u00f6kokemus alalta sek\u00e4 laaja kokemus vastuuteht\u00e4vist\u00e4 ja haastavista suunnittelukohteista.<\/p>\n\n\n\n<p>Toimintamme visiona on tuottaa laadukasta, tarkkaa ja asiakkaan tarpeet aidosti huomioivaa suunnittelua, jossa yhdistyv\u00e4t tekninen varmuus, kustannustehokkuus ja sujuva yhteisty\u00f6. Yhdist\u00e4mme vahvan teknisen osaamisen, nykyaikaiset suunnittelumenetelm\u00e4t ja k\u00e4yt\u00e4nn\u00f6nl\u00e4heisen palvelun varmistaaksemme turvalliset ja toteutuskelpoiset rakenteet. Palvelemme joustavasti niin yrityksi\u00e4, julkisia toimijoita kuin yksityisasiakkaitakin.<\/p>\n\n\n\n<div class=\"wp-block-buttons is-layout-flex wp-block-buttons-is-layout-flex\">\n<div class=\"wp-block-button\"><a class=\"wp-block-button__link wp-element-button\" href=\"https:\/\/www.runkoplan.fi\/index.php\/yrityksemme\/\">Tietoa meist\u00e4<\/a><\/div>\n<\/div>\n<\/div>\n\n\n\n<div class=\"wp-block-column is-layout-flow wp-block-column-is-layout-flow\">\n<figure class=\"wp-block-image alignleft size-large is-resized is-style-default\"><img loading=\"lazy\" decoding=\"async\" width=\"1024\" height=\"683\" src=\"https:\/\/www.runkoplan.fi\/wp-content\/uploads\/2026\/02\/ChatGPT-Image-28.2.2026-klo-09.50.49-1024x683.png\" alt=\"\" class=\"wp-image-20\" style=\"width:auto;height:300px\" srcset=\"https:\/\/www.runkoplan.fi\/wp-content\/uploads\/2026\/02\/ChatGPT-Image-28.2.2026-klo-09.50.49-1024x683.png 1024w, https:\/\/www.runkoplan.fi\/wp-content\/uploads\/2026\/02\/ChatGPT-Image-28.2.2026-klo-09.50.49-300x200.png 300w, https:\/\/www.runkoplan.fi\/wp-content\/uploads\/2026\/02\/ChatGPT-Image-28.2.2026-klo-09.50.49-768x512.png 768w, https:\/\/www.runkoplan.fi\/wp-content\/uploads\/2026\/02\/ChatGPT-Image-28.2.2026-klo-09.50.49.png 1536w\" sizes=\"auto, (max-width: 1024px) 100vw, 1024px\" \/><\/figure>\n\n\n\n<div style=\"height:25px\" aria-hidden=\"true\" class=\"wp-block-spacer\"><\/div>\n\n\n\n<h2 class=\"wp-block-heading\">Palvelumme<\/h2>\n\n\n\n<p>RunkoPlan Oy tarjoaa ammattitaitoista rakennesuunnittelua, asiantuntija- ja konsultointipalveluja sek\u00e4 tarkkaa m\u00e4\u00e4r\u00e4- ja kustannuslaskentaa. Toimitamme selke\u00e4t, toteutuskelpoiset ja kustannustehokkaat ratkaisut hankkeesi kaikkiin vaiheisiin.<\/p>\n\n\n\n<div class=\"wp-block-buttons is-layout-flex wp-block-buttons-is-layout-flex\">\n<div class=\"wp-block-button\"><a class=\"wp-block-button__link wp-element-button\" href=\"https:\/\/www.runkoplan.fi\/index.php\/palvelumme\/\">Palvelumme<\/a><\/div>\n<\/div>\n<\/div>\n<\/div>\n\n\n\n<div style=\"height:53px\" aria-hidden=\"true\" class=\"wp-block-spacer\"><\/div>\n\n\n\n<div class=\"wp-block-columns is-style-section-5 has-background is-layout-flex wp-container-core-columns-is-layout-65eef5bf wp-block-columns-is-layout-flex is-style-section-5--1\" style=\"background-color:#4a4b6b\">\n<div class=\"wp-block-column is-layout-flow wp-block-column-is-layout-flow\" style=\"flex-basis:33.33%\">\n<figure class=\"wp-block-image aligncenter size-large is-resized\"><img loading=\"lazy\" decoding=\"async\" width=\"1024\" height=\"683\" src=\"https:\/\/www.runkoplan.fi\/wp-content\/uploads\/2026\/02\/ChatGPT-Image-28.2.2026-klo-10.02.09-1024x683.png\" alt=\"\" class=\"wp-image-19\" style=\"aspect-ratio:3\/4;object-fit:cover;width:auto;height:350px\" srcset=\"https:\/\/www.runkoplan.fi\/wp-content\/uploads\/2026\/02\/ChatGPT-Image-28.2.2026-klo-10.02.09-1024x683.png 1024w, https:\/\/www.runkoplan.fi\/wp-content\/uploads\/2026\/02\/ChatGPT-Image-28.2.2026-klo-10.02.09-300x200.png 300w, https:\/\/www.runkoplan.fi\/wp-content\/uploads\/2026\/02\/ChatGPT-Image-28.2.2026-klo-10.02.09-768x512.png 768w, https:\/\/www.runkoplan.fi\/wp-content\/uploads\/2026\/02\/ChatGPT-Image-28.2.2026-klo-10.02.09.png 1536w\" sizes=\"auto, (max-width: 1024px) 100vw, 1024px\" \/><\/figure>\n<\/div>\n\n\n\n<div class=\"wp-block-column is-layout-flow wp-block-column-is-layout-flow\" style=\"flex-basis:66.66%\">\n<h2 class=\"wp-block-heading\">Tietoa meist\u00e4<\/h2>\n\n\n\n<p>Valitsemalla RunkoPlan Oy:n saat kumppanin, joka yhdist\u00e4\u00e4 vahvan rakennesuunnitteluosaamisen k\u00e4yt\u00e4nn\u00f6n toteutettavuuteen ja kustannustehokkuuteen. Emme tuota pelkki\u00e4 piirustuksia \u2013 tuotamme toimivia ja optimoituja rakenneratkaisuja.<\/p>\n\n\n\n<p>Panostamme selke\u00e4\u00e4n suunnitteluun, tarkkaan m\u00e4\u00e4r\u00e4- ja kustannuslaskentaan sek\u00e4 sujuvaan yhteisty\u00f6h\u00f6n eri osapuolten kanssa. Ymm\u00e4rr\u00e4mme rakentamisen kokonaisuuden ja huomioimme ratkaisujen vaikutukset ty\u00f6maalla, aikataulussa ja budjetissa.<\/p>\n\n\n\n<p>Meille laatu, luotettavuus ja asiakkaan tavoitteet ovat aina etusijalla<\/p>\n<\/div>\n<\/div>\n","protected":false},"excerpt":{"rendered":"<p>Yrityksemme RunkoPlan Oy on Kajaanissa sijaitseva valtakunnallisesti toimiva asiantunteva ja asiakasl\u00e4ht\u00f6inen insin\u00f6\u00f6ritoimisto, joka tarjoaa laadukasta rakennesuunnittelua eri rakennushankkeisiin. Yrityksen vastuuhenkil\u00f6ll\u00e4 on vuosien ty\u00f6kokemus alalta sek\u00e4 laaja kokemus vastuuteht\u00e4vist\u00e4 ja haastavista suunnittelukohteista. Toimintamme visiona on tuottaa laadukasta, tarkkaa ja asiakkaan tarpeet aidosti huomioivaa suunnittelua, jossa yhdistyv\u00e4t tekninen varmuus, kustannustehokkuus ja sujuva yhteisty\u00f6. Yhdist\u00e4mme vahvan teknisen osaamisen, [&hellip;]<\/p>\n","protected":false},"author":1,"featured_media":16,"parent":0,"menu_order":0,"comment_status":"closed","ping_status":"closed","template":"","meta":{"footnotes":""},"class_list":["post-9","page","type-page","status-publish","has-post-thumbnail","hentry"],"_links":{"self":[{"href":"https:\/\/www.runkoplan.fi\/index.php\/wp-json\/wp\/v2\/pages\/9","targetHints":{"allow":["GET"]}}],"collection":[{"href":"https:\/\/www.runkoplan.fi\/index.php\/wp-json\/wp\/v2\/pages"}],"about":[{"href":"https:\/\/www.runkoplan.fi\/index.php\/wp-json\/wp\/v2\/types\/page"}],"author":[{"embeddable":true,"href":"https:\/\/www.runkoplan.fi\/index.php\/wp-json\/wp\/v2\/users\/1"}],"replies":[{"embeddable":true,"href":"https:\/\/www.runkoplan.fi\/index.php\/wp-json\/wp\/v2\/comments?post=9"}],"version-history":[{"count":13,"href":"https:\/\/www.runkoplan.fi\/index.php\/wp-json\/wp\/v2\/pages\/9\/revisions"}],"predecessor-version":[{"id":127,"href":"https:\/\/www.runkoplan.fi\/index.php\/wp-json\/wp\/v2\/pages\/9\/revisions\/127"}],"wp:featuredmedia":[{"embeddable":true,"href":"https:\/\/www.runkoplan.fi\/index.php\/wp-json\/wp\/v2\/media\/16"}],"wp:attachment":[{"href":"https:\/\/www.runkoplan.fi\/index.php\/wp-json\/wp\/v2\/media?parent=9"}],"curies":[{"name":"wp","href":"https:\/\/api.w.org\/{rel}","templated":true}]}}